{"id":10,"date":"2021-04-19T18:02:00","date_gmt":"2021-04-19T16:02:00","guid":{"rendered":"http:\/\/carolinegarric-kinesiologie.com\/?page_id=10"},"modified":"2021-11-09T20:31:01","modified_gmt":"2021-11-09T19:31:01","slug":"la-seance","status":"publish","type":"page","link":"https:\/\/carolinegarric-kinesiologie.com\/index.php\/la-seance\/","title":{"rendered":"La s\u00e9ance"},"content":{"rendered":"\t\t<div data-elementor-type=\"wp-page\" data-elementor-id=\"10\" class=\"elementor elementor-10\">\n\t\t\t\t\t\t<section class=\"elementor-section elementor-top-section elementor-element elementor-element-22862455 elementor-reverse-tablet elementor-section-boxed elementor-section-height-default elementor-section-height-default\" data-id=\"22862455\" data-element_type=\"section\" data-settings=\"{&quot;background_background&quot;:&quot;classic&quot;}\">\n\t\t\t\t\t\t<div class=\"elementor-container elementor-column-gap-default\">\n\t\t\t\t\t<div class=\"elementor-column elementor-col-50 elementor-top-column elementor-element elementor-element-5f659db3\" data-id=\"5f659db3\" data-element_type=\"column\">\n\t\t\t<div class=\"elementor-widget-wrap elementor-element-populated\">\n\t\t\t\t\t\t<div class=\"elementor-element elementor-element-64ca6644 elementor-invisible elementor-widget elementor-widget-heading\" data-id=\"64ca6644\" data-element_type=\"widget\" data-settings=\"{&quot;_animation&quot;:&quot;fadeIn&quot;,&quot;_animation_delay&quot;:100}\" data-widget_type=\"heading.default\">\n\t\t\t\t<div class=\"elementor-widget-container\">\n\t\t\t<h2 class=\"elementor-heading-title elementor-size-default\">Les outils du kin\u00e9siologue<\/h2>\t\t<\/div>\n\t\t\t\t<\/div>\n\t\t\t\t<div class=\"elementor-element elementor-element-6f73f1fa elementor-invisible elementor-widget elementor-widget-text-editor\" data-id=\"6f73f1fa\" data-element_type=\"widget\" data-settings=\"{&quot;_animation&quot;:&quot;fadeIn&quot;,&quot;_animation_delay&quot;:200}\" data-widget_type=\"text-editor.default\">\n\t\t\t\t<div class=\"elementor-widget-container\">\n\t\t\t\t\t\t\t<p style=\"text-align: left;\"><strong>Le test musculaire<\/strong><br \/>Le stress (physique ou psychologique) a un effet sur le tonus musculaire. C\u2019est donc en testant diff\u00e9rents muscles que le kin\u00e9siologue va remonter \u00e0 la cause, identifier les d\u00e9s\u00e9quilibres et trouver la correction la plus appropri\u00e9e que le corps demande pour \u00eatre r\u00e9\u00e9quilibr\u00e9.<\/p><p style=\"text-align: left;\"><strong>Les techniques d\u2019\u00e9quilibrage <br \/>\u2022 <\/strong>Par des points neuro-lymphatiques<br \/>\u2022 Par des points neuro-vasculaires<br \/>\u2022 Par les m\u00e9ridiens (point de pression douce)<br \/>\u2022 Par des manoeuvres dites proprioceptives<br \/>\u2022 Par des mouvements sp\u00e9cifiques<br \/>\u2022 Par des lib\u00e9rations de stress \u00e9motionnel pass\u00e9, pr\u00e9sent, futur.<\/p>\t\t\t\t\t\t<\/div>\n\t\t\t\t<\/div>\n\t\t\t\t\t<\/div>\n\t\t<\/div>\n\t\t\t\t<div class=\"elementor-column elementor-col-50 elementor-top-column elementor-element elementor-element-6f86262b\" data-id=\"6f86262b\" data-element_type=\"column\">\n\t\t\t<div class=\"elementor-widget-wrap elementor-element-populated\">\n\t\t\t\t\t\t<div class=\"elementor-element elementor-element-8fc6858 elementor-widget elementor-widget-image\" data-id=\"8fc6858\" data-element_type=\"widget\" data-widget_type=\"image.default\">\n\t\t\t\t<div class=\"elementor-widget-container\">\n\t\t\t\t\t\t\t\t\t\t\t\t\t<img fetchpriority=\"high\" width=\"683\" height=\"1024\" src=\"https:\/\/carolinegarric-kinesiologie.com\/wp-content\/uploads\/2021\/10\/les-outils-de-la-kinesiologie-1-683x1024.jpg\" class=\"attachment-large size-large wp-image-237\" alt=\"\" srcset=\"https:\/\/carolinegarric-kinesiologie.com\/wp-content\/uploads\/2021\/10\/les-outils-de-la-kinesiologie-1-683x1024.jpg 683w, https:\/\/carolinegarric-kinesiologie.com\/wp-content\/uploads\/2021\/10\/les-outils-de-la-kinesiologie-1-200x300.jpg 200w, https:\/\/carolinegarric-kinesiologie.com\/wp-content\/uploads\/2021\/10\/les-outils-de-la-kinesiologie-1-768x1152.jpg 768w, https:\/\/carolinegarric-kinesiologie.com\/wp-content\/uploads\/2021\/10\/les-outils-de-la-kinesiologie-1.jpg 850w\" sizes=\"(max-width: 683px) 100vw, 683px\" \/>\t\t\t\t\t\t\t\t\t\t\t\t\t<\/div>\n\t\t\t\t<\/div>\n\t\t\t\t\t<\/div>\n\t\t<\/div>\n\t\t\t\t\t<\/div>\n\t\t<\/section>\n\t\t\t\t<section class=\"elementor-section elementor-top-section elementor-element elementor-element-88cc5e9 elementor-section-boxed elementor-section-height-default elementor-section-height-default\" data-id=\"88cc5e9\" data-element_type=\"section\">\n\t\t\t\t\t\t<div class=\"elementor-container elementor-column-gap-default\">\n\t\t\t\t\t<div class=\"elementor-column elementor-col-50 elementor-top-column elementor-element elementor-element-bd408a9\" data-id=\"bd408a9\" data-element_type=\"column\">\n\t\t\t<div class=\"elementor-widget-wrap elementor-element-populated\">\n\t\t\t\t\t\t<div class=\"elementor-element elementor-element-8fda3d6 elementor-widget elementor-widget-heading\" data-id=\"8fda3d6\" data-element_type=\"widget\" data-widget_type=\"heading.default\">\n\t\t\t\t<div class=\"elementor-widget-container\">\n\t\t\t<h2 class=\"elementor-heading-title elementor-size-default\">La s\u00e9ance<\/h2>\t\t<\/div>\n\t\t\t\t<\/div>\n\t\t\t\t\t<\/div>\n\t\t<\/div>\n\t\t\t\t<div class=\"elementor-column elementor-col-50 elementor-top-column elementor-element elementor-element-eee47c0\" data-id=\"eee47c0\" data-element_type=\"column\">\n\t\t\t<div class=\"elementor-widget-wrap\">\n\t\t\t\t\t\t\t<\/div>\n\t\t<\/div>\n\t\t\t\t\t<\/div>\n\t\t<\/section>\n\t\t\t\t<section class=\"elementor-section elementor-top-section elementor-element elementor-element-eb3be1e elementor-section-boxed elementor-section-height-default elementor-section-height-default\" data-id=\"eb3be1e\" data-element_type=\"section\">\n\t\t\t\t\t\t<div class=\"elementor-container elementor-column-gap-default\">\n\t\t\t\t\t<div class=\"elementor-column elementor-col-50 elementor-top-column elementor-element elementor-element-ac3abaf\" data-id=\"ac3abaf\" data-element_type=\"column\">\n\t\t\t<div class=\"elementor-widget-wrap elementor-element-populated\">\n\t\t\t\t\t\t<div class=\"elementor-element elementor-element-10e1b62 elementor-widget elementor-widget-heading\" data-id=\"10e1b62\" data-element_type=\"widget\" data-widget_type=\"heading.default\">\n\t\t\t\t<div class=\"elementor-widget-container\">\n\t\t\t<h2 class=\"elementor-heading-title elementor-size-default\"><b>Chaque s\u00e9ance<\/b> est un travail sur mesure adapt\u00e9 \u00e0 vos besoins, \u00e0 votre individualit\u00e9. Ceci en fonction de votre sujet, blocages, probl\u00e9matiques ou votre objectif d\u2019am\u00e9lioration.  <br>                                                                \n<b>Elle dure<\/b> 1h30-45 pour les adultes, 1h pour les plus jeunes.<br>\n<b>Parfois debout<\/b>, plus souvent allong\u00e9 sur une table de massage, vous enlevez vos bijoux, vous conservez vos v\u00eatements.\nPour le test musculaire, une tenue souple est conseill\u00e9e, je m\u2019adapte en fonction de vous.<\/h2>\t\t<\/div>\n\t\t\t\t<\/div>\n\t\t\t\t\t<\/div>\n\t\t<\/div>\n\t\t\t\t<div class=\"elementor-column elementor-col-50 elementor-top-column elementor-element elementor-element-b153319\" data-id=\"b153319\" data-element_type=\"column\">\n\t\t\t<div class=\"elementor-widget-wrap elementor-element-populated\">\n\t\t\t\t\t\t<div class=\"elementor-element elementor-element-e233d00 elementor-widget elementor-widget-heading\" data-id=\"e233d00\" data-element_type=\"widget\" data-widget_type=\"heading.default\">\n\t\t\t\t<div class=\"elementor-widget-container\">\n\t\t\t<h2 class=\"elementor-heading-title elementor-size-default\"><b>Le nombre de s\u00e9ances<\/b> varie selon chaque individualit\u00e9, vous pouvez ressentir une am\u00e9lioration d\u00e8s la premi\u00e8re s\u00e9ance, en moyenne il faut de 2 \u00e0 3 s\u00e9ances espac\u00e9es pour observer le changement durable.                                                                                   <br>Si vous souhaitez faire un travail approfondi en d\u00e9veloppement personnel nous fixerons ensemble le cycle des s\u00e9ances avec un tarif pr\u00e9f\u00e9rentiel pour 10 s\u00e9ances.<\/h2>\t\t<\/div>\n\t\t\t\t<\/div>\n\t\t\t\t\t<\/div>\n\t\t<\/div>\n\t\t\t\t\t<\/div>\n\t\t<\/section>\n\t\t\t\t<section class=\"elementor-section elementor-top-section elementor-element elementor-element-52b52c8 elementor-section-boxed elementor-section-height-default elementor-section-height-default\" data-id=\"52b52c8\" data-element_type=\"section\">\n\t\t\t\t\t\t<div class=\"elementor-container elementor-column-gap-default\">\n\t\t\t\t\t<div class=\"elementor-column elementor-col-33 elementor-top-column elementor-element elementor-element-2a34de3\" data-id=\"2a34de3\" data-element_type=\"column\">\n\t\t\t<div class=\"elementor-widget-wrap elementor-element-populated\">\n\t\t\t\t\t\t<div class=\"elementor-element elementor-element-4b5c6a6 elementor-widget elementor-widget-image\" data-id=\"4b5c6a6\" data-element_type=\"widget\" data-widget_type=\"image.default\">\n\t\t\t\t<div class=\"elementor-widget-container\">\n\t\t\t\t\t\t\t\t\t\t\t\t\t<img width=\"850\" height=\"567\" src=\"https:\/\/carolinegarric-kinesiologie.com\/wp-content\/uploads\/2021\/10\/les-outils-de-la-kinesiologie-3-1.jpg\" class=\"attachment-large size-large wp-image-373\" alt=\"\" srcset=\"https:\/\/carolinegarric-kinesiologie.com\/wp-content\/uploads\/2021\/10\/les-outils-de-la-kinesiologie-3-1.jpg 850w, https:\/\/carolinegarric-kinesiologie.com\/wp-content\/uploads\/2021\/10\/les-outils-de-la-kinesiologie-3-1-300x200.jpg 300w, https:\/\/carolinegarric-kinesiologie.com\/wp-content\/uploads\/2021\/10\/les-outils-de-la-kinesiologie-3-1-768x512.jpg 768w\" sizes=\"(max-width: 850px) 100vw, 850px\" \/>\t\t\t\t\t\t\t\t\t\t\t\t\t<\/div>\n\t\t\t\t<\/div>\n\t\t\t\t\t<\/div>\n\t\t<\/div>\n\t\t\t\t<div class=\"elementor-column elementor-col-33 elementor-top-column elementor-element elementor-element-41c690b\" data-id=\"41c690b\" data-element_type=\"column\">\n\t\t\t<div class=\"elementor-widget-wrap elementor-element-populated\">\n\t\t\t\t\t\t<div class=\"elementor-element elementor-element-04ac35c elementor-widget elementor-widget-image\" data-id=\"04ac35c\" data-element_type=\"widget\" data-widget_type=\"image.default\">\n\t\t\t\t<div class=\"elementor-widget-container\">\n\t\t\t\t\t\t\t\t\t\t\t\t\t<img width=\"850\" height=\"567\" src=\"https:\/\/carolinegarric-kinesiologie.com\/wp-content\/uploads\/2021\/10\/les-outils-de-la-kinesio-2.jpg\" class=\"attachment-large size-large wp-image-243\" alt=\"\" srcset=\"https:\/\/carolinegarric-kinesiologie.com\/wp-content\/uploads\/2021\/10\/les-outils-de-la-kinesio-2.jpg 850w, https:\/\/carolinegarric-kinesiologie.com\/wp-content\/uploads\/2021\/10\/les-outils-de-la-kinesio-2-300x200.jpg 300w, https:\/\/carolinegarric-kinesiologie.com\/wp-content\/uploads\/2021\/10\/les-outils-de-la-kinesio-2-768x512.jpg 768w\" sizes=\"(max-width: 850px) 100vw, 850px\" \/>\t\t\t\t\t\t\t\t\t\t\t\t\t<\/div>\n\t\t\t\t<\/div>\n\t\t\t\t\t<\/div>\n\t\t<\/div>\n\t\t\t\t<div class=\"elementor-column elementor-col-33 elementor-top-column elementor-element elementor-element-7bde098\" data-id=\"7bde098\" data-element_type=\"column\">\n\t\t\t<div class=\"elementor-widget-wrap elementor-element-populated\">\n\t\t\t\t\t\t<div class=\"elementor-element elementor-element-ed29e0a elementor-widget elementor-widget-image\" data-id=\"ed29e0a\" data-element_type=\"widget\" data-widget_type=\"image.default\">\n\t\t\t\t<div class=\"elementor-widget-container\">\n\t\t\t\t\t\t\t\t\t\t\t\t\t<img loading=\"lazy\" width=\"850\" height=\"567\" src=\"https:\/\/carolinegarric-kinesiologie.com\/wp-content\/uploads\/2021\/10\/HD-Caroline_Garric-5E4A3816.jpg\" class=\"attachment-large size-large wp-image-374\" alt=\"\" srcset=\"https:\/\/carolinegarric-kinesiologie.com\/wp-content\/uploads\/2021\/10\/HD-Caroline_Garric-5E4A3816.jpg 850w, https:\/\/carolinegarric-kinesiologie.com\/wp-content\/uploads\/2021\/10\/HD-Caroline_Garric-5E4A3816-300x200.jpg 300w, https:\/\/carolinegarric-kinesiologie.com\/wp-content\/uploads\/2021\/10\/HD-Caroline_Garric-5E4A3816-768x512.jpg 768w\" sizes=\"(max-width: 850px) 100vw, 850px\" \/>\t\t\t\t\t\t\t\t\t\t\t\t\t<\/div>\n\t\t\t\t<\/div>\n\t\t\t\t\t<\/div>\n\t\t<\/div>\n\t\t\t\t\t<\/div>\n\t\t<\/section>\n\t\t\t\t<section class=\"elementor-section elementor-top-section elementor-element elementor-element-68412f3d elementor-section-boxed elementor-section-height-default elementor-section-height-default\" data-id=\"68412f3d\" data-element_type=\"section\" data-settings=\"{&quot;background_background&quot;:&quot;classic&quot;}\">\n\t\t\t\t\t\t\t<div class=\"elementor-background-overlay\"><\/div>\n\t\t\t\t\t\t\t<div class=\"elementor-container elementor-column-gap-no\">\n\t\t\t\t\t<div class=\"elementor-column elementor-col-100 elementor-top-column elementor-element elementor-element-4c21f00d\" data-id=\"4c21f00d\" data-element_type=\"column\">\n\t\t\t<div class=\"elementor-widget-wrap\">\n\t\t\t\t\t\t\t<\/div>\n\t\t<\/div>\n\t\t\t\t\t<\/div>\n\t\t<\/section>\n\t\t\t\t<\/div>\n\t\t","protected":false},"excerpt":{"rendered":"<p>Les outils du kin\u00e9siologue Le test musculaireLe stress (physique ou psychologique) a un effet sur le tonus musculaire. C\u2019est donc en testant diff\u00e9rents muscles que le kin\u00e9siologue va remonter \u00e0 la cause, identifier les d\u00e9s\u00e9quilibres et trouver la correction la plus appropri\u00e9e que le corps demande pour \u00eatre r\u00e9\u00e9quilibr\u00e9. Les techniques d\u2019\u00e9quilibrage \u2022 Par des &hellip;<\/p>\n<p class=\"read-more\"> <a class=\"\" href=\"https:\/\/carolinegarric-kinesiologie.com\/index.php\/la-seance\/\"> <span class=\"screen-reader-text\">La s\u00e9ance<\/span> Lire la suite\u00a0\u00bb<\/a><\/p>\n","protected":false},"author":1,"featured_media":0,"parent":0,"menu_order":0,"comment_status":"closed","ping_status":"closed","template":"","meta":{"site-sidebar-layout":"no-sidebar","site-content-layout":"page-builder","ast-global-header-display":"","ast-main-header-display":"","ast-hfb-above-header-display":"","ast-hfb-below-header-display":"","ast-hfb-mobile-header-display":"","site-post-title":"disabled","ast-breadcrumbs-content":"","ast-featured-img":"disabled","footer-sml-layout":"","theme-transparent-header-meta":"default","adv-header-id-meta":"","stick-header-meta":"","header-above-stick-meta":"","header-main-stick-meta":"","header-below-stick-meta":""},"_links":{"self":[{"href":"https:\/\/carolinegarric-kinesiologie.com\/index.php\/wp-json\/wp\/v2\/pages\/10"}],"collection":[{"href":"https:\/\/carolinegarric-kinesiologie.com\/index.php\/wp-json\/wp\/v2\/pages"}],"about":[{"href":"https:\/\/carolinegarric-kinesiologie.com\/index.php\/wp-json\/wp\/v2\/types\/page"}],"author":[{"embeddable":true,"href":"https:\/\/carolinegarric-kinesiologie.com\/index.php\/wp-json\/wp\/v2\/users\/1"}],"replies":[{"embeddable":true,"href":"https:\/\/carolinegarric-kinesiologie.com\/index.php\/wp-json\/wp\/v2\/comments?post=10"}],"version-history":[{"count":100,"href":"https:\/\/carolinegarric-kinesiologie.com\/index.php\/wp-json\/wp\/v2\/pages\/10\/revisions"}],"predecessor-version":[{"id":721,"href":"https:\/\/carolinegarric-kinesiologie.com\/index.php\/wp-json\/wp\/v2\/pages\/10\/revisions\/721"}],"wp:attachment":[{"href":"https:\/\/carolinegarric-kinesiologie.com\/index.php\/wp-json\/wp\/v2\/media?parent=10"}],"curies":[{"name":"wp","href":"https:\/\/api.w.org\/{rel}","templated":true}]}}