{"id":12,"date":"2021-04-19T18:03:30","date_gmt":"2021-04-19T16:03:30","guid":{"rendered":"http:\/\/carolinegarric-kinesiologie.com\/?page_id=12"},"modified":"2026-03-02T15:34:10","modified_gmt":"2026-03-02T14:34:10","slug":"mon-parcours","status":"publish","type":"page","link":"https:\/\/carolinegarric-kinesiologie.com\/index.php\/mon-parcours\/","title":{"rendered":"Ma formation"},"content":{"rendered":"\t\t<div data-elementor-type=\"wp-page\" data-elementor-id=\"12\" class=\"elementor elementor-12\">\n\t\t\t\t\t\t<section class=\"elementor-section elementor-top-section elementor-element elementor-element-4be64cb9 elementor-section-boxed elementor-section-height-default elementor-section-height-default\" data-id=\"4be64cb9\" data-element_type=\"section\">\n\t\t\t\t\t\t<div class=\"elementor-container elementor-column-gap-default\">\n\t\t\t\t\t<div class=\"elementor-column elementor-col-100 elementor-top-column elementor-element elementor-element-366d9248\" data-id=\"366d9248\" data-element_type=\"column\">\n\t\t\t<div class=\"elementor-widget-wrap elementor-element-populated\">\n\t\t\t\t\t\t<section class=\"elementor-section elementor-inner-section elementor-element elementor-element-514e08da elementor-section-boxed elementor-section-height-default elementor-section-height-default\" data-id=\"514e08da\" data-element_type=\"section\">\n\t\t\t\t\t\t<div class=\"elementor-container elementor-column-gap-default\">\n\t\t\t\t\t<div class=\"elementor-column elementor-col-50 elementor-inner-column elementor-element elementor-element-1d98cbe0\" data-id=\"1d98cbe0\" data-element_type=\"column\">\n\t\t\t<div class=\"elementor-widget-wrap elementor-element-populated\">\n\t\t\t\t\t\t<div class=\"elementor-element elementor-element-2ecc086f elementor-invisible elementor-widget elementor-widget-heading\" data-id=\"2ecc086f\" data-element_type=\"widget\" data-settings=\"{&quot;_animation&quot;:&quot;fadeIn&quot;,&quot;_animation_delay&quot;:100}\" data-widget_type=\"heading.default\">\n\t\t\t\t<div class=\"elementor-widget-container\">\n\t\t\t<h2 class=\"elementor-heading-title elementor-size-default\">Ma formation <\/h2>\t\t<\/div>\n\t\t\t\t<\/div>\n\t\t\t\t<section class=\"elementor-section elementor-inner-section elementor-element elementor-element-3bec73cf elementor-section-boxed elementor-section-height-default elementor-section-height-default elementor-invisible\" data-id=\"3bec73cf\" data-element_type=\"section\" data-settings=\"{&quot;animation&quot;:&quot;fadeInDown&quot;}\">\n\t\t\t\t\t\t<div class=\"elementor-container elementor-column-gap-default\">\n\t\t\t\t\t<div class=\"elementor-column elementor-col-100 elementor-inner-column elementor-element elementor-element-502e7136\" data-id=\"502e7136\" data-element_type=\"column\">\n\t\t\t<div class=\"elementor-widget-wrap elementor-element-populated\">\n\t\t\t\t\t\t<div class=\"elementor-element elementor-element-50b29a7f elementor-widget-divider--view-line elementor-widget elementor-widget-divider\" data-id=\"50b29a7f\" data-element_type=\"widget\" data-widget_type=\"divider.default\">\n\t\t\t\t<div class=\"elementor-widget-container\">\n\t\t\t\t\t<div class=\"elementor-divider\">\n\t\t\t<span class=\"elementor-divider-separator\">\n\t\t\t\t\t\t<\/span>\n\t\t<\/div>\n\t\t\t\t<\/div>\n\t\t\t\t<\/div>\n\t\t\t\t<div class=\"elementor-element elementor-element-f5b959d elementor-invisible elementor-widget elementor-widget-text-editor\" data-id=\"f5b959d\" data-element_type=\"widget\" data-settings=\"{&quot;_animation&quot;:&quot;fadeIn&quot;,&quot;_animation_delay&quot;:200}\" data-widget_type=\"text-editor.default\">\n\t\t\t\t<div class=\"elementor-widget-container\">\n\t\t\t\t\t\t\t<p>J&rsquo;ai suivi la formation de <strong>Kin\u00e9siologue<\/strong> \u00e0 <span style=\"font-size: 16px;\">l&rsquo;<\/span><a style=\"font-size: 16px; background-color: #ffffff;\" href=\"https:\/\/www.kinesiologie-formation.com\/?gclid=CjwKCAiA1aiMBhAUEiwACw25MUR0zFuFxLqz3P9Ind7Mvir1tm2kJlh19d4iXX8OFK5n8DPwRASfmBoCfR0QAvD_BwE\">EDUTM de Francis Vieules<\/a><span style=\"font-size: 16px;\"> \u00e0 Lab\u00e8ge (pour en savoir plus cliquez sur le lien de l\u2019\u00e9cole). Cette \u00e9cole est r\u00e9f\u00e9renc\u00e9e par la F\u00e9d\u00e9ration des Ecoles de Kin\u00e9siologie (FEDEK) et le Syndicat des Kin\u00e9siologues Professionnels Fran\u00e7ais (SKPF) garantie d\u2019une formation de qualit\u00e9 respectueuse de la kin\u00e9siologie telle qu\u2019elle a \u00e9t\u00e9 con\u00e7ue et de d\u00e9fense des int\u00e9r\u00eats des kin\u00e9siologues professionnels et de leurs clients.<\/span><\/p><p style=\"text-align: left;\">J&rsquo;ai \u00e9galement d\u00e9velopper mes connaissances en <strong>Adaptog\u00e9n\u00e8se<\/strong>. C&rsquo;<span style=\"font-style: inherit; font-weight: inherit; letter-spacing: 0.2px;\">est une kin\u00e9siologie \u00e9labor\u00e9e qui vise \u00e0 g\u00e9n\u00e9rer ou restaurer les capacit\u00e9s adaptatives de l\u2019individu. Retrouvez les informations sur le lien de l&rsquo;\u00e9cole ci-dessus.<\/span><\/p><p style=\"text-align: left;\"><span style=\"font-style: inherit; font-weight: inherit; letter-spacing: 0.2px;\"><strong>Mon parcours<\/strong> global comprend plus de <strong>1200 heures de formation<\/strong>\u00a0en pr\u00e9sentiel.<\/span><\/p><p style=\"text-align: left;\">Parall\u00e8lement je suis \u00e9galement \u00e9ducatrice sportive et plus particuli\u00e8rement Professeur de Pilates qui est principalement le cours que j\u2019anime en plus de cours cardio.<\/p><p style=\"text-align: left;\">Ces deux activit\u00e9s me permettent d\u2019avoir une approche p\u00e9dagogique, bienveillante pour vous accompagner dans l\u2019accomplissement et la r\u00e9ussite de votre bien \u00eatre.<\/p>\t\t\t\t\t\t<\/div>\n\t\t\t\t<\/div>\n\t\t\t\t\t<\/div>\n\t\t<\/div>\n\t\t\t\t\t<\/div>\n\t\t<\/section>\n\t\t\t\t\t<\/div>\n\t\t<\/div>\n\t\t\t\t<div class=\"elementor-column elementor-col-50 elementor-inner-column elementor-element elementor-element-c922652\" data-id=\"c922652\" data-element_type=\"column\">\n\t\t\t<div class=\"elementor-widget-wrap elementor-element-populated\">\n\t\t\t\t\t\t<div class=\"elementor-element elementor-element-3406c348 elementor-widget elementor-widget-image\" data-id=\"3406c348\" data-element_type=\"widget\" data-widget_type=\"image.default\">\n\t\t\t\t<div class=\"elementor-widget-container\">\n\t\t\t\t\t\t\t\t\t\t\t\t\t<img fetchpriority=\"high\" width=\"850\" height=\"567\" src=\"https:\/\/carolinegarric-kinesiologie.com\/wp-content\/uploads\/2021\/10\/Ma-formation-1.jpg\" class=\"attachment-large size-large wp-image-248\" alt=\"\" srcset=\"https:\/\/carolinegarric-kinesiologie.com\/wp-content\/uploads\/2021\/10\/Ma-formation-1.jpg 850w, https:\/\/carolinegarric-kinesiologie.com\/wp-content\/uploads\/2021\/10\/Ma-formation-1-300x200.jpg 300w, https:\/\/carolinegarric-kinesiologie.com\/wp-content\/uploads\/2021\/10\/Ma-formation-1-768x512.jpg 768w\" sizes=\"(max-width: 850px) 100vw, 850px\" \/>\t\t\t\t\t\t\t\t\t\t\t\t\t<\/div>\n\t\t\t\t<\/div>\n\t\t\t\t<div class=\"elementor-element elementor-element-37431861 elementor-widget elementor-widget-heading\" data-id=\"37431861\" data-element_type=\"widget\" data-widget_type=\"heading.default\">\n\t\t\t\t<div class=\"elementor-widget-container\">\n\t\t\t<h2 class=\"elementor-heading-title elementor-size-default\">Caroline Garric<\/h2>\t\t<\/div>\n\t\t\t\t<\/div>\n\t\t\t\t<div class=\"elementor-element elementor-element-e921534 elementor-widget elementor-widget-heading\" data-id=\"e921534\" data-element_type=\"widget\" data-widget_type=\"heading.default\">\n\t\t\t\t<div class=\"elementor-widget-container\">\n\t\t\t<h2 class=\"elementor-heading-title elementor-size-default\">\"Le meilleur investissement que l'on puisse faire dans sa vie c'est d'investir en Soi\"<\/h2>\t\t<\/div>\n\t\t\t\t<\/div>\n\t\t\t\t\t<\/div>\n\t\t<\/div>\n\t\t\t\t\t<\/div>\n\t\t<\/section>\n\t\t\t\t\t<\/div>\n\t\t<\/div>\n\t\t\t\t\t<\/div>\n\t\t<\/section>\n\t\t\t\t<\/div>\n\t\t","protected":false},"excerpt":{"rendered":"<p>Ma formation J&rsquo;ai suivi la formation de Kin\u00e9siologue \u00e0 l&rsquo;EDUTM de Francis Vieules \u00e0 Lab\u00e8ge (pour en savoir plus cliquez sur le lien de l\u2019\u00e9cole). Cette \u00e9cole est r\u00e9f\u00e9renc\u00e9e par la F\u00e9d\u00e9ration des Ecoles de Kin\u00e9siologie (FEDEK) et le Syndicat des Kin\u00e9siologues Professionnels Fran\u00e7ais (SKPF) garantie d\u2019une formation de qualit\u00e9 respectueuse de la kin\u00e9siologie telle &hellip;<\/p>\n<p class=\"read-more\"> <a class=\"\" href=\"https:\/\/carolinegarric-kinesiologie.com\/index.php\/mon-parcours\/\"> <span class=\"screen-reader-text\">Ma formation<\/span> Lire la suite\u00a0\u00bb<\/a><\/p>\n","protected":false},"author":1,"featured_media":0,"parent":0,"menu_order":0,"comment_status":"closed","ping_status":"closed","template":"","meta":{"site-sidebar-layout":"no-sidebar","site-content-layout":"page-builder","ast-global-header-display":"","ast-main-header-display":"","ast-hfb-above-header-display":"","ast-hfb-below-header-display":"","ast-hfb-mobile-header-display":"","site-post-title":"disabled","ast-breadcrumbs-content":"","ast-featured-img":"disabled","footer-sml-layout":"","theme-transparent-header-meta":"default","adv-header-id-meta":"","stick-header-meta":"","header-above-stick-meta":"","header-main-stick-meta":"","header-below-stick-meta":""},"_links":{"self":[{"href":"https:\/\/carolinegarric-kinesiologie.com\/index.php\/wp-json\/wp\/v2\/pages\/12"}],"collection":[{"href":"https:\/\/carolinegarric-kinesiologie.com\/index.php\/wp-json\/wp\/v2\/pages"}],"about":[{"href":"https:\/\/carolinegarric-kinesiologie.com\/index.php\/wp-json\/wp\/v2\/types\/page"}],"author":[{"embeddable":true,"href":"https:\/\/carolinegarric-kinesiologie.com\/index.php\/wp-json\/wp\/v2\/users\/1"}],"replies":[{"embeddable":true,"href":"https:\/\/carolinegarric-kinesiologie.com\/index.php\/wp-json\/wp\/v2\/comments?post=12"}],"version-history":[{"count":41,"href":"https:\/\/carolinegarric-kinesiologie.com\/index.php\/wp-json\/wp\/v2\/pages\/12\/revisions"}],"predecessor-version":[{"id":780,"href":"https:\/\/carolinegarric-kinesiologie.com\/index.php\/wp-json\/wp\/v2\/pages\/12\/revisions\/780"}],"wp:attachment":[{"href":"https:\/\/carolinegarric-kinesiologie.com\/index.php\/wp-json\/wp\/v2\/media?parent=12"}],"curies":[{"name":"wp","href":"https:\/\/api.w.org\/{rel}","templated":true}]}}