{"id":153,"date":"2021-08-23T14:48:06","date_gmt":"2021-08-23T12:48:06","guid":{"rendered":"https:\/\/carolinegarric-kinesiologie.com\/?page_id=153"},"modified":"2026-03-02T15:10:37","modified_gmt":"2026-03-02T14:10:37","slug":"mentions-legales","status":"publish","type":"page","link":"https:\/\/carolinegarric-kinesiologie.com\/index.php\/mentions-legales\/","title":{"rendered":"Rendez-vous et tarifs"},"content":{"rendered":"\t\t<div data-elementor-type=\"wp-page\" data-elementor-id=\"153\" class=\"elementor elementor-153\">\n\t\t\t\t\t\t<section class=\"elementor-section elementor-top-section elementor-element elementor-element-46bf0560 elementor-section-height-min-height elementor-section-boxed elementor-section-height-default elementor-section-items-middle\" data-id=\"46bf0560\" data-element_type=\"section\" data-settings=\"{&quot;background_background&quot;:&quot;classic&quot;,&quot;background_motion_fx_motion_fx_scrolling&quot;:&quot;yes&quot;,&quot;background_motion_fx_blur_effect&quot;:&quot;yes&quot;,&quot;background_motion_fx_blur_range&quot;:{&quot;unit&quot;:&quot;%&quot;,&quot;size&quot;:&quot;&quot;,&quot;sizes&quot;:{&quot;start&quot;:0,&quot;end&quot;:65}},&quot;background_motion_fx_blur_direction&quot;:&quot;out-in&quot;,&quot;background_motion_fx_blur_level&quot;:{&quot;unit&quot;:&quot;px&quot;,&quot;size&quot;:7,&quot;sizes&quot;:[]},&quot;background_motion_fx_devices&quot;:[&quot;desktop&quot;,&quot;tablet&quot;,&quot;mobile&quot;]}\">\n\t\t\t\t\t\t\t<div class=\"elementor-background-overlay\"><\/div>\n\t\t\t\t\t\t\t<div class=\"elementor-container elementor-column-gap-default\">\n\t\t\t\t\t<div class=\"elementor-column elementor-col-100 elementor-top-column elementor-element elementor-element-32138fbf\" data-id=\"32138fbf\" data-element_type=\"column\">\n\t\t\t<div class=\"elementor-widget-wrap elementor-element-populated\">\n\t\t\t\t\t\t<div class=\"elementor-element elementor-element-7159a1c8 elementor-widget elementor-widget-spacer\" data-id=\"7159a1c8\" data-element_type=\"widget\" data-widget_type=\"spacer.default\">\n\t\t\t\t<div class=\"elementor-widget-container\">\n\t\t\t\t\t<div class=\"elementor-spacer\">\n\t\t\t<div class=\"elementor-spacer-inner\"><\/div>\n\t\t<\/div>\n\t\t\t\t<\/div>\n\t\t\t\t<\/div>\n\t\t\t\t<section class=\"elementor-section elementor-inner-section elementor-element elementor-element-417300d1 elementor-section-boxed elementor-section-height-default elementor-section-height-default\" data-id=\"417300d1\" data-element_type=\"section\">\n\t\t\t\t\t\t<div class=\"elementor-container elementor-column-gap-default\">\n\t\t\t\t\t<div class=\"elementor-column elementor-col-33 elementor-inner-column elementor-element elementor-element-648c84d7\" data-id=\"648c84d7\" data-element_type=\"column\">\n\t\t\t<div class=\"elementor-widget-wrap elementor-element-populated\">\n\t\t\t\t\t\t<div class=\"elementor-element elementor-element-7840025 elementor-widget elementor-widget-image\" data-id=\"7840025\" data-element_type=\"widget\" data-widget_type=\"image.default\">\n\t\t\t\t<div class=\"elementor-widget-container\">\n\t\t\t\t\t\t\t\t\t\t\t\t\t<img fetchpriority=\"high\" width=\"850\" height=\"567\" src=\"https:\/\/carolinegarric-kinesiologie.com\/wp-content\/uploads\/2021\/10\/rdv-1.jpg\" class=\"attachment-large size-large wp-image-257\" alt=\"\" srcset=\"https:\/\/carolinegarric-kinesiologie.com\/wp-content\/uploads\/2021\/10\/rdv-1.jpg 850w, https:\/\/carolinegarric-kinesiologie.com\/wp-content\/uploads\/2021\/10\/rdv-1-300x200.jpg 300w, https:\/\/carolinegarric-kinesiologie.com\/wp-content\/uploads\/2021\/10\/rdv-1-768x512.jpg 768w\" sizes=\"(max-width: 850px) 100vw, 850px\" \/>\t\t\t\t\t\t\t\t\t\t\t\t\t<\/div>\n\t\t\t\t<\/div>\n\t\t\t\t<div class=\"elementor-element elementor-element-3c4801c elementor-widget elementor-widget-heading\" data-id=\"3c4801c\" data-element_type=\"widget\" data-widget_type=\"heading.default\">\n\t\t\t\t<div class=\"elementor-widget-container\">\n\t\t\t<h2 class=\"elementor-heading-title elementor-size-default\">Prendre rendez-vous<\/h2>\t\t<\/div>\n\t\t\t\t<\/div>\n\t\t\t\t<div class=\"elementor-element elementor-element-4811ebea elementor-invisible elementor-widget elementor-widget-text-editor\" data-id=\"4811ebea\" data-element_type=\"widget\" data-settings=\"{&quot;_animation&quot;:&quot;fadeIn&quot;,&quot;_animation_delay&quot;:200}\" data-widget_type=\"text-editor.default\">\n\t\t\t\t<div class=\"elementor-widget-container\">\n\t\t\t\t\t\t\t<div class=\"elementor-element elementor-element-20d2ce74 elementor-widget elementor-widget-text-editor animated fadeIn\" data-id=\"20d2ce74\" data-element_type=\"widget\" data-settings=\"{\" data-widget_type=\"text-editor.default\">\n<div class=\"elementor-widget-container\">\n<p><span style=\"font-style: inherit; letter-spacing: 0.2px; color: #000000;\"><span style=\"font-weight: inherit;\">Au <\/span><strong>06.24.86.68.06&nbsp;<\/strong><strong style=\"font-weight: inherit;\">&nbsp; &nbsp; &nbsp; &nbsp; &nbsp; &nbsp; &nbsp; &nbsp; &nbsp; Ou&nbsp;<\/strong><\/span><strong style=\"font-style: inherit; letter-spacing: 0.2px; color: #000000;\">garric.caroline[a]gmail.com&nbsp;&nbsp;<\/strong><\/p>\n<p style=\"text-align: left;\"><span style=\"color: #000000; font-style: inherit; letter-spacing: 0.2px; text-align: center;\"><b>Horaires du lundi au samedi&nbsp;&nbsp;<\/b><\/span><\/p>\n<\/div>\n<\/div>\t\t\t\t\t\t<\/div>\n\t\t\t\t<\/div>\n\t\t\t\t\t<\/div>\n\t\t<\/div>\n\t\t\t\t<div class=\"elementor-column elementor-col-33 elementor-inner-column elementor-element elementor-element-76f29f\" data-id=\"76f29f\" data-element_type=\"column\">\n\t\t\t<div class=\"elementor-widget-wrap elementor-element-populated\">\n\t\t\t\t\t\t<div class=\"elementor-element elementor-element-47ac316 elementor-widget elementor-widget-image\" data-id=\"47ac316\" data-element_type=\"widget\" data-widget_type=\"image.default\">\n\t\t\t\t<div class=\"elementor-widget-container\">\n\t\t\t\t\t\t\t\t\t\t\t\t\t<img width=\"1024\" height=\"768\" src=\"https:\/\/carolinegarric-kinesiologie.com\/wp-content\/uploads\/2021\/10\/IMG-7750-1024x768.jpg\" class=\"attachment-large size-large wp-image-256\" alt=\"\" srcset=\"https:\/\/carolinegarric-kinesiologie.com\/wp-content\/uploads\/2021\/10\/IMG-7750-1024x768.jpg 1024w, https:\/\/carolinegarric-kinesiologie.com\/wp-content\/uploads\/2021\/10\/IMG-7750-300x225.jpg 300w, https:\/\/carolinegarric-kinesiologie.com\/wp-content\/uploads\/2021\/10\/IMG-7750-768x576.jpg 768w, https:\/\/carolinegarric-kinesiologie.com\/wp-content\/uploads\/2021\/10\/IMG-7750-1536x1152.jpg 1536w, https:\/\/carolinegarric-kinesiologie.com\/wp-content\/uploads\/2021\/10\/IMG-7750-2048x1536.jpg 2048w\" sizes=\"(max-width: 1024px) 100vw, 1024px\" \/>\t\t\t\t\t\t\t\t\t\t\t\t\t<\/div>\n\t\t\t\t<\/div>\n\t\t\t\t<div class=\"elementor-element elementor-element-b950465 elementor-widget elementor-widget-heading\" data-id=\"b950465\" data-element_type=\"widget\" data-widget_type=\"heading.default\">\n\t\t\t\t<div class=\"elementor-widget-container\">\n\t\t\t<h2 class=\"elementor-heading-title elementor-size-default\">Adresse<\/h2>\t\t<\/div>\n\t\t\t\t<\/div>\n\t\t\t\t<div class=\"elementor-element elementor-element-56a73248 elementor-invisible elementor-widget elementor-widget-text-editor\" data-id=\"56a73248\" data-element_type=\"widget\" data-settings=\"{&quot;_animation&quot;:&quot;fadeIn&quot;,&quot;_animation_delay&quot;:200}\" data-widget_type=\"text-editor.default\">\n\t\t\t\t<div class=\"elementor-widget-container\">\n\t\t\t\t\t\t\t<div class=\"elementor-element elementor-element-7009b87f elementor-widget elementor-widget-text-editor animated fadeIn\" data-id=\"7009b87f\" data-element_type=\"widget\" data-settings=\"{\" data-widget_type=\"text-editor.default\"><div class=\"elementor-widget-container\"><p style=\"text-align: left;\"><span style=\"color: #000000;\">L&rsquo;espace de kin\u00e9siologie se trouve au <strong>9 Rue Charles viguerie,<\/strong> <strong>31300 Toulouse,\u00a0<\/strong>\u00e0 l\u2019int\u00e9rieur du studio Pilates \u00abEncore Pilates\u00bb.\u00a0 \u00a0 \u00a0 \u00a0 \u00a0 <\/span><span style=\"font-style: inherit; font-weight: inherit; letter-spacing: 0.2px; color: #000000;\">P<\/span><span style=\"font-style: inherit; font-weight: inherit; letter-spacing: 0.2px; color: #000000;\">r\u00e9cis\u00e9ment, \u00e0 l\u2019angle de la rue Viguerie et la Grande Rue St Nicolas, quartier st- Cyprien, \u00e0 c\u00f4t\u00e9 de l\u2019H\u00f4tel Dieu.\u00a0<\/span><\/p><\/div><\/div>\t\t\t\t\t\t<\/div>\n\t\t\t\t<\/div>\n\t\t\t\t<div class=\"elementor-element elementor-element-adc86cb elementor-widget elementor-widget-google_maps\" data-id=\"adc86cb\" data-element_type=\"widget\" data-widget_type=\"google_maps.default\">\n\t\t\t\t<div class=\"elementor-widget-container\">\n\t\t\t\t\t<div class=\"elementor-custom-embed\">\n\t\t\t<iframe loading=\"lazy\"\n\t\t\t\t\tsrc=\"https:\/\/maps.google.com\/maps?q=9%20Rue%20Charles%20viguerie%2C%2031300%20Toulouse&#038;t=m&#038;z=17&#038;output=embed&#038;iwloc=near\"\n\t\t\t\t\ttitle=\"9 Rue Charles viguerie, 31300 Toulouse\"\n\t\t\t\t\taria-label=\"9 Rue Charles viguerie, 31300 Toulouse\"\n\t\t\t><\/iframe>\n\t\t<\/div>\n\t\t\t\t<\/div>\n\t\t\t\t<\/div>\n\t\t\t\t<div class=\"elementor-element elementor-element-6b6f8fd elementor-widget elementor-widget-heading\" data-id=\"6b6f8fd\" data-element_type=\"widget\" data-widget_type=\"heading.default\">\n\t\t\t\t<div class=\"elementor-widget-container\">\n\t\t\t<h2 class=\"elementor-heading-title elementor-size-default\">Acc\u00e8s<\/h2>\t\t<\/div>\n\t\t\t\t<\/div>\n\t\t\t\t<div class=\"elementor-element elementor-element-7ab939db elementor-invisible elementor-widget elementor-widget-text-editor\" data-id=\"7ab939db\" data-element_type=\"widget\" data-settings=\"{&quot;_animation&quot;:&quot;fadeIn&quot;,&quot;_animation_delay&quot;:200}\" data-widget_type=\"text-editor.default\">\n\t\t\t\t<div class=\"elementor-widget-container\">\n\t\t\t\t\t\t\t<p style=\"text-align: left;\"><span style=\"color: #000000;\">M\u00e9tro Saint-Cyprien\u00a0 \u00a0 \u00a0 \u00a0 \u00a0 \u00a0 \u00a0 \u00a0 \u00a0 \u00a0 \u00a0 <\/span><span style=\"color: #000000;\">P<\/span><span style=\"color: #000000;\">arking Viguerie\u00a0 \u00a0\u00a0<\/span><\/p>\t\t\t\t\t\t<\/div>\n\t\t\t\t<\/div>\n\t\t\t\t\t<\/div>\n\t\t<\/div>\n\t\t\t\t<div class=\"elementor-column elementor-col-33 elementor-inner-column elementor-element elementor-element-64c59fc3\" data-id=\"64c59fc3\" data-element_type=\"column\">\n\t\t\t<div class=\"elementor-widget-wrap elementor-element-populated\">\n\t\t\t\t\t\t<div class=\"elementor-element elementor-element-4d18da4 elementor-widget elementor-widget-image\" data-id=\"4d18da4\" data-element_type=\"widget\" data-widget_type=\"image.default\">\n\t\t\t\t<div class=\"elementor-widget-container\">\n\t\t\t\t\t\t\t\t\t\t\t\t\t<img width=\"850\" height=\"567\" src=\"https:\/\/carolinegarric-kinesiologie.com\/wp-content\/uploads\/2021\/10\/rdv-3.jpg\" class=\"attachment-large size-large wp-image-258\" alt=\"\" srcset=\"https:\/\/carolinegarric-kinesiologie.com\/wp-content\/uploads\/2021\/10\/rdv-3.jpg 850w, https:\/\/carolinegarric-kinesiologie.com\/wp-content\/uploads\/2021\/10\/rdv-3-300x200.jpg 300w, https:\/\/carolinegarric-kinesiologie.com\/wp-content\/uploads\/2021\/10\/rdv-3-768x512.jpg 768w\" sizes=\"(max-width: 850px) 100vw, 850px\" \/>\t\t\t\t\t\t\t\t\t\t\t\t\t<\/div>\n\t\t\t\t<\/div>\n\t\t\t\t<div class=\"elementor-element elementor-element-35875bc elementor-widget elementor-widget-heading\" data-id=\"35875bc\" data-element_type=\"widget\" data-widget_type=\"heading.default\">\n\t\t\t\t<div class=\"elementor-widget-container\">\n\t\t\t<h2 class=\"elementor-heading-title elementor-size-default\">Tarifs et paiement<\/h2>\t\t<\/div>\n\t\t\t\t<\/div>\n\t\t\t\t<div class=\"elementor-element elementor-element-4cf439f elementor-invisible elementor-widget elementor-widget-text-editor\" data-id=\"4cf439f\" data-element_type=\"widget\" data-settings=\"{&quot;_animation&quot;:&quot;fadeIn&quot;,&quot;_animation_delay&quot;:200}\" data-widget_type=\"text-editor.default\">\n\t\t\t\t<div class=\"elementor-widget-container\">\n\t\t\t\t\t\t\t<p><span style=\"color: #000000;\"><strong>Adulte <\/strong>(\u00e0 partir de 18 ans) : 60\u20ac<br \/><strong>Enfant \u00e0 &#8211; de 18 ans<\/strong> :\u00a0 45\u20ac\u00a0 \u00a0 \u00a0 \u00a0 \u00a0 \u00a0 <b>E<\/b><\/span><b style=\"font-style: inherit; letter-spacing: 0.2px; color: #000000;\">tudiant-Ch\u00f4meur<\/b><span style=\"font-style: inherit; font-weight: inherit; letter-spacing: 0.2px; color: #000000;\">\u00a0(tarif r\u00e9duit) : 50\u20ac\u00a0<\/span><\/p><p style=\"text-align: left;\"><b style=\"color: #000000; font-style: inherit; letter-spacing: 0.2px; text-align: center;\">Paiement par ch\u00e8que ou esp\u00e8ces<\/b><\/p>\t\t\t\t\t\t<\/div>\n\t\t\t\t<\/div>\n\t\t\t\t\t<\/div>\n\t\t<\/div>\n\t\t\t\t\t<\/div>\n\t\t<\/section>\n\t\t\t\t\t<\/div>\n\t\t<\/div>\n\t\t\t\t\t<\/div>\n\t\t<\/section>\n\t\t\t\t<section class=\"elementor-section elementor-top-section elementor-element elementor-element-e527e10 elementor-section-boxed elementor-section-height-default elementor-section-height-default\" data-id=\"e527e10\" data-element_type=\"section\">\n\t\t\t\t\t\t<div class=\"elementor-container elementor-column-gap-default\">\n\t\t\t\t\t<div class=\"elementor-column elementor-col-33 elementor-top-column elementor-element elementor-element-c7ff4d6\" data-id=\"c7ff4d6\" data-element_type=\"column\">\n\t\t\t<div class=\"elementor-widget-wrap\">\n\t\t\t\t\t\t\t<\/div>\n\t\t<\/div>\n\t\t\t\t<div class=\"elementor-column elementor-col-33 elementor-top-column elementor-element elementor-element-6d1f5e9\" data-id=\"6d1f5e9\" data-element_type=\"column\">\n\t\t\t<div class=\"elementor-widget-wrap\">\n\t\t\t\t\t\t\t<\/div>\n\t\t<\/div>\n\t\t\t\t<div class=\"elementor-column elementor-col-33 elementor-top-column elementor-element elementor-element-59a22b5\" data-id=\"59a22b5\" data-element_type=\"column\">\n\t\t\t<div class=\"elementor-widget-wrap\">\n\t\t\t\t\t\t\t<\/div>\n\t\t<\/div>\n\t\t\t\t\t<\/div>\n\t\t<\/section>\n\t\t\t\t<\/div>\n\t\t","protected":false},"excerpt":{"rendered":"<p>Prendre rendez-vous Au 06.24.86.68.06&nbsp;&nbsp; &nbsp; &nbsp; &nbsp; &nbsp; &nbsp; &nbsp; &nbsp; &nbsp; Ou&nbsp;garric.caroline[a]gmail.com&nbsp;&nbsp; Horaires du lundi au samedi&nbsp;&nbsp; Adresse L&rsquo;espace de kin\u00e9siologie se trouve au 9 Rue Charles viguerie, 31300 Toulouse,\u00a0\u00e0 l\u2019int\u00e9rieur du studio Pilates \u00abEncore Pilates\u00bb.\u00a0 \u00a0 \u00a0 \u00a0 \u00a0 Pr\u00e9cis\u00e9ment, \u00e0 l\u2019angle de la rue Viguerie et la Grande Rue St Nicolas, quartier &hellip;<\/p>\n<p class=\"read-more\"> <a class=\"\" href=\"https:\/\/carolinegarric-kinesiologie.com\/index.php\/mentions-legales\/\"> <span class=\"screen-reader-text\">Rendez-vous et tarifs<\/span> Lire la suite\u00a0\u00bb<\/a><\/p>\n","protected":false},"author":1,"featured_media":0,"parent":0,"menu_order":0,"comment_status":"closed","ping_status":"closed","template":"","meta":{"site-sidebar-layout":"no-sidebar","site-content-layout":"page-builder","ast-global-header-display":"","ast-main-header-display":"","ast-hfb-above-header-display":"","ast-hfb-below-header-display":"","ast-hfb-mobile-header-display":"","site-post-title":"disabled","ast-breadcrumbs-content":"","ast-featured-img":"disabled","footer-sml-layout":"","theme-transparent-header-meta":"default","adv-header-id-meta":"","stick-header-meta":"","header-above-stick-meta":"","header-main-stick-meta":"","header-below-stick-meta":""},"_links":{"self":[{"href":"https:\/\/carolinegarric-kinesiologie.com\/index.php\/wp-json\/wp\/v2\/pages\/153"}],"collection":[{"href":"https:\/\/carolinegarric-kinesiologie.com\/index.php\/wp-json\/wp\/v2\/pages"}],"about":[{"href":"https:\/\/carolinegarric-kinesiologie.com\/index.php\/wp-json\/wp\/v2\/types\/page"}],"author":[{"embeddable":true,"href":"https:\/\/carolinegarric-kinesiologie.com\/index.php\/wp-json\/wp\/v2\/users\/1"}],"replies":[{"embeddable":true,"href":"https:\/\/carolinegarric-kinesiologie.com\/index.php\/wp-json\/wp\/v2\/comments?post=153"}],"version-history":[{"count":195,"href":"https:\/\/carolinegarric-kinesiologie.com\/index.php\/wp-json\/wp\/v2\/pages\/153\/revisions"}],"predecessor-version":[{"id":770,"href":"https:\/\/carolinegarric-kinesiologie.com\/index.php\/wp-json\/wp\/v2\/pages\/153\/revisions\/770"}],"wp:attachment":[{"href":"https:\/\/carolinegarric-kinesiologie.com\/index.php\/wp-json\/wp\/v2\/media?parent=153"}],"curies":[{"name":"wp","href":"https:\/\/api.w.org\/{rel}","templated":true}]}}