{"id":5,"date":"2021-04-19T17:59:19","date_gmt":"2021-04-19T15:59:19","guid":{"rendered":"http:\/\/carolinegarric-kinesiologie.com\/?page_id=5"},"modified":"2022-02-28T19:45:29","modified_gmt":"2022-02-28T18:45:29","slug":"accueil","status":"publish","type":"page","link":"https:\/\/carolinegarric-kinesiologie.com\/","title":{"rendered":"Accueil"},"content":{"rendered":"\t\t<div data-elementor-type=\"wp-page\" data-elementor-id=\"5\" class=\"elementor elementor-5\">\n\t\t\t\t\t\t<section class=\"elementor-section elementor-top-section elementor-element elementor-element-3d9f9e25 elementor-section-height-min-height elementor-section-items-stretch elementor-section-boxed elementor-section-height-default\" data-id=\"3d9f9e25\" data-element_type=\"section\" data-settings=\"{&quot;background_background&quot;:&quot;classic&quot;}\">\n\t\t\t\t\t\t\t<div class=\"elementor-background-overlay\"><\/div>\n\t\t\t\t\t\t\t<div class=\"elementor-container elementor-column-gap-default\">\n\t\t\t\t\t<div class=\"elementor-column elementor-col-100 elementor-top-column elementor-element elementor-element-7ef815de\" data-id=\"7ef815de\" data-element_type=\"column\">\n\t\t\t<div class=\"elementor-widget-wrap elementor-element-populated\">\n\t\t\t\t\t\t<div class=\"elementor-element elementor-element-7f0a7e4 elementor-widget elementor-widget-image\" data-id=\"7f0a7e4\" data-element_type=\"widget\" data-widget_type=\"image.default\">\n\t\t\t\t<div class=\"elementor-widget-container\">\n\t\t\t\t\t\t\t\t\t\t\t\t\t<img fetchpriority=\"high\" width=\"1024\" height=\"323\" src=\"https:\/\/carolinegarric-kinesiologie.com\/wp-content\/uploads\/2021\/08\/1-page-daccueil-1024x323.jpg\" class=\"attachment-large size-large wp-image-88\" alt=\"\" srcset=\"https:\/\/carolinegarric-kinesiologie.com\/wp-content\/uploads\/2021\/08\/1-page-daccueil-1024x323.jpg 1024w, https:\/\/carolinegarric-kinesiologie.com\/wp-content\/uploads\/2021\/08\/1-page-daccueil-300x95.jpg 300w, https:\/\/carolinegarric-kinesiologie.com\/wp-content\/uploads\/2021\/08\/1-page-daccueil-768x243.jpg 768w, https:\/\/carolinegarric-kinesiologie.com\/wp-content\/uploads\/2021\/08\/1-page-daccueil-1536x485.jpg 1536w, https:\/\/carolinegarric-kinesiologie.com\/wp-content\/uploads\/2021\/08\/1-page-daccueil-2048x647.jpg 2048w\" sizes=\"(max-width: 1024px) 100vw, 1024px\" \/>\t\t\t\t\t\t\t\t\t\t\t\t\t<\/div>\n\t\t\t\t<\/div>\n\t\t\t\t<div class=\"elementor-element elementor-element-6f549b elementor-invisible elementor-widget elementor-widget-heading\" data-id=\"6f549b\" data-element_type=\"widget\" data-settings=\"{&quot;_animation&quot;:&quot;fadeIn&quot;,&quot;_animation_delay&quot;:100}\" data-widget_type=\"heading.default\">\n\t\t\t\t<div class=\"elementor-widget-container\">\n\t\t\t<h1 class=\"elementor-heading-title elementor-size-small\">Visez l'\u00e9quilibre<\/h1>\t\t<\/div>\n\t\t\t\t<\/div>\n\t\t\t\t<div class=\"elementor-element elementor-element-74b4c5b9 elementor-invisible elementor-widget elementor-widget-text-editor\" data-id=\"74b4c5b9\" data-element_type=\"widget\" data-settings=\"{&quot;_animation&quot;:&quot;fadeIn&quot;,&quot;_animation_delay&quot;:200}\" data-widget_type=\"text-editor.default\">\n\t\t\t\t<div class=\"elementor-widget-container\">\n\t\t\t\t\t\t\t<p>La kin\u00e9siologie permet d&rsquo;atteindre un \u00e9quilibre global d&rsquo;un individu sur le plan physique, mental et \u00e9motionnel.<\/p><p>Elle fait appel \u00e0 la m\u00e9moire du corps et \u00e9tablit avec lui un dialogue direct afin d&rsquo;identifier les d\u00e9s\u00e9quilibres en rapport avec l&rsquo;objectif du demandeur.<\/p><p>Form\u00e9 \u00e0 de nombreuses techniques, le kin\u00e9siologue utilise des m\u00e9thodes occidentales modernes et l&rsquo;\u00e9nerg\u00e9tique traditionnelle Chinoise.<\/p>\t\t\t\t\t\t<\/div>\n\t\t\t\t<\/div>\n\t\t\t\t<div class=\"elementor-element elementor-element-b65ef24 elementor-widget elementor-widget-image\" data-id=\"b65ef24\" data-element_type=\"widget\" data-widget_type=\"image.default\">\n\t\t\t\t<div class=\"elementor-widget-container\">\n\t\t\t\t\t\t\t\t\t\t\t\t\t<img width=\"300\" height=\"300\" src=\"https:\/\/carolinegarric-kinesiologie.com\/wp-content\/uploads\/2021\/10\/Logo_FF_300px.png\" class=\"attachment-2048x2048 size-2048x2048 wp-image-313\" alt=\"\" srcset=\"https:\/\/carolinegarric-kinesiologie.com\/wp-content\/uploads\/2021\/10\/Logo_FF_300px.png 300w, https:\/\/carolinegarric-kinesiologie.com\/wp-content\/uploads\/2021\/10\/Logo_FF_300px-150x150.png 150w\" sizes=\"(max-width: 300px) 100vw, 300px\" \/>\t\t\t\t\t\t\t\t\t\t\t\t\t<\/div>\n\t\t\t\t<\/div>\n\t\t\t\t\t<\/div>\n\t\t<\/div>\n\t\t\t\t\t<\/div>\n\t\t<\/section>\n\t\t\t\t<\/div>\n\t\t","protected":false},"excerpt":{"rendered":"<p>Visez l&rsquo;\u00e9quilibre La kin\u00e9siologie permet d&rsquo;atteindre un \u00e9quilibre global d&rsquo;un individu sur le plan physique, mental et \u00e9motionnel. Elle fait appel \u00e0 la m\u00e9moire du corps et \u00e9tablit avec lui un dialogue direct afin d&rsquo;identifier les d\u00e9s\u00e9quilibres en rapport avec l&rsquo;objectif du demandeur. Form\u00e9 \u00e0 de nombreuses techniques, le kin\u00e9siologue utilise des m\u00e9thodes occidentales modernes &hellip;<\/p>\n<p class=\"read-more\"> <a class=\"\" href=\"https:\/\/carolinegarric-kinesiologie.com\/\"> <span class=\"screen-reader-text\">Accueil<\/span> Lire la suite\u00a0\u00bb<\/a><\/p>\n","protected":false},"author":1,"featured_media":0,"parent":0,"menu_order":0,"comment_status":"closed","ping_status":"closed","template":"","meta":{"site-sidebar-layout":"no-sidebar","site-content-layout":"page-builder","ast-global-header-display":"","ast-main-header-display":"","ast-hfb-above-header-display":"","ast-hfb-below-header-display":"","ast-hfb-mobile-header-display":"","site-post-title":"disabled","ast-breadcrumbs-content":"","ast-featured-img":"disabled","footer-sml-layout":"","theme-transparent-header-meta":"default","adv-header-id-meta":"","stick-header-meta":"","header-above-stick-meta":"","header-main-stick-meta":"","header-below-stick-meta":""},"_links":{"self":[{"href":"https:\/\/carolinegarric-kinesiologie.com\/index.php\/wp-json\/wp\/v2\/pages\/5"}],"collection":[{"href":"https:\/\/carolinegarric-kinesiologie.com\/index.php\/wp-json\/wp\/v2\/pages"}],"about":[{"href":"https:\/\/carolinegarric-kinesiologie.com\/index.php\/wp-json\/wp\/v2\/types\/page"}],"author":[{"embeddable":true,"href":"https:\/\/carolinegarric-kinesiologie.com\/index.php\/wp-json\/wp\/v2\/users\/1"}],"replies":[{"embeddable":true,"href":"https:\/\/carolinegarric-kinesiologie.com\/index.php\/wp-json\/wp\/v2\/comments?post=5"}],"version-history":[{"count":70,"href":"https:\/\/carolinegarric-kinesiologie.com\/index.php\/wp-json\/wp\/v2\/pages\/5\/revisions"}],"predecessor-version":[{"id":689,"href":"https:\/\/carolinegarric-kinesiologie.com\/index.php\/wp-json\/wp\/v2\/pages\/5\/revisions\/689"}],"wp:attachment":[{"href":"https:\/\/carolinegarric-kinesiologie.com\/index.php\/wp-json\/wp\/v2\/media?parent=5"}],"curies":[{"name":"wp","href":"https:\/\/api.w.org\/{rel}","templated":true}]}}